{"id":1562,"date":"2021-02-12T10:50:25","date_gmt":"2021-02-12T09:50:25","guid":{"rendered":"https:\/\/h2o-consultancy.com\/consulting-firm\/"},"modified":"2025-03-24T09:43:17","modified_gmt":"2025-03-24T08:43:17","slug":"consulting-firm","status":"publish","type":"page","link":"https:\/\/h2o-consultancy.com\/en\/consulting-firm\/","title":{"rendered":"CONSULTING FIRM"},"content":{"rendered":"<p>[et_pb_section fb_built=&#8221;1&#8243; _builder_version=&#8221;4.16&#8243; _module_preset=&#8221;default&#8221; background_color=&#8221;#000000&#8243; custom_margin=&#8221;-44px|0px|0px|0px|false|false&#8221; custom_padding=&#8221;0px|0px|0px|0px|true|true&#8221; global_colors_info=&#8221;{}&#8221;][et_pb_row _builder_version=&#8221;4.16&#8243; _module_preset=&#8221;default&#8221; custom_margin=&#8221;0px|auto|50px|auto|false|false&#8221; custom_padding=&#8221;0px||||false|false&#8221; global_colors_info=&#8221;{}&#8221;][et_pb_column type=&#8221;4_4&#8243; admin_label=&#8221;Column&#8221; _builder_version=&#8221;4.16&#8243; _module_preset=&#8221;default&#8221; global_colors_info=&#8221;{}&#8221;][et_pb_image src=&#8221;https:\/\/test.h2o-consultancy.com\/wp-content\/uploads\/2021\/01\/Acceuil8.jpg&#8221; title_text=&#8221;Home8&#8243; align=&#8221;center&#8221; _builder_version=&#8221;4.16&#8243; _module_preset=&#8221;default&#8221; custom_margin=&#8221;-50px||||false|false&#8221; scroll_fade_tablet=&#8221;0|50|50|100|100%|100|100&#8243; scroll_fade_phone=&#8221;&#8221; scroll_fade_last_edited=&#8221;on|phone&#8221; box_shadow_style=&#8221;preset6&#8243; box_shadow_vertical=&#8221;-29px&#8221; box_shadow_blur=&#8221;80px&#8221; box_shadow_spread=&#8221;13px&#8221; box_shadow_color=&#8221;#000000&#8243; global_colors_info=&#8221;{}&#8221;][\/et_pb_image][et_pb_text _builder_version=&#8221;4.16&#8243; _module_preset=&#8221;default&#8221; text_font=&#8221;|300||on|||||&#8221; text_text_color=&#8221;gcid-c34b9522-416b-484b-8ec1-bf59a46ac12d&#8221; text_font_size=&#8221;20px&#8221; text_letter_spacing=&#8221;1px&#8221; z_index=&#8221;64&#8243; text_orientation=&#8221;center&#8221; custom_margin=&#8221;-99px||||false|false&#8221; custom_padding=&#8221;||0px|||&#8221; scroll_blur_enable=&#8221;off&#8221; scroll_blur=&#8221;0|20|90|100|10px|0px|0px&#8221; scroll_blur_tablet=&#8221;0|20|90|100|0px|0px|0px&#8221; scroll_blur_phone=&#8221;&#8221; scroll_blur_last_edited=&#8221;on|phone&#8221; global_colors_info=&#8221;{%22gcid-cebd0d34-acb9-462f-b199-0331e91339b5%22:%91%93,%22gcid-c34b9522-416b-484b-8ec1-bf59a46ac12d%22:%91%22text_text_color%22%93}&#8221;]<\/p>\n<p>An enlightened vision of Contract Management<\/p>\n<p>[\/et_pb_text][\/et_pb_column][\/et_pb_row][et_pb_row column_structure=&#8221;1_2,1_2&#8243; _builder_version=&#8221;4.16&#8243; _module_preset=&#8221;default&#8221; custom_margin=&#8221;50px||||false|false&#8221; global_colors_info=&#8221;{}&#8221;][et_pb_column type=&#8221;1_2&#8243; _builder_version=&#8221;4.16&#8243; _module_preset=&#8221;default&#8221; global_colors_info=&#8221;{}&#8221;][et_pb_text _builder_version=&#8221;4.16&#8243; _module_preset=&#8221;default&#8221; text_font=&#8221;|300|||||||&#8221; text_text_color=&#8221;#FFFFFF&#8221; text_font_size=&#8221;16px&#8221; text_orientation=&#8221;justified&#8221; custom_padding=&#8221;11px||||false|false&#8221; scroll_vertical_motion=&#8221;0|50|50|100|4|0|0&#8243; scroll_blur=&#8221;0|20|90|100|10px|0px|0px&#8221; scroll_blur_tablet=&#8221;0|20|90|100|0px|0px|0px&#8221; scroll_blur_phone=&#8221;&#8221; scroll_blur_last_edited=&#8221;on|phone&#8221; global_colors_info=&#8221;{}&#8221;]<\/p>\n<p>A <span style=\"font-size: x-large;\"><strong>pioneer<\/strong><\/span> in France in <span style=\"font-size: x-large;\"><b>Contract Management<\/b><\/span>, <span style=\"font-size: x-large;\">H<sub>2<\/sub>O<span style=\"color: #000000;\">I<\/span>CONSULTANCY<\/span> is a consulting firm specialising in contract management and claims.<\/p>\n<p>For <span style=\"font-size: x-large;\"><strong>three decades<\/strong><\/span>, our <span style=\"font-size: x-large;\"><b>Experts<\/b><\/span> have developed <span style=\"font-size: x-large;\"><b>unique expertise<\/b><\/span> serving <span style=\"font-size: x-large;\"><b>major international groups<\/b><\/span>, operating <span style=\"font-size: x-large;\"><b>worldwide<\/b><\/span>.<\/p>\n<p>Recognised in both <span style=\"font-size: x-large;\"><b>public and private sectors<\/b><\/span>, <span style=\"font-size: x-large;\">H<sub>2<\/sub>O<span style=\"color: #000000;\">I<\/span>CONSULTANCY<\/span> offers a <span style=\"font-size: x-large;\"><b>complete range<\/b><\/span> of <span style=\"font-size: x-large;\"><b>services<\/b><\/span> in contract management.<\/p>\n<p>&nbsp;<\/p>\n<p>[\/et_pb_text][\/et_pb_column][et_pb_column type=&#8221;1_2&#8243; _builder_version=&#8221;4.16&#8243; _module_preset=&#8221;default&#8221; global_colors_info=&#8221;{}&#8221;][et_pb_image src=&#8221;https:\/\/test.h2o-consultancy.com\/wp-content\/uploads\/2021\/02\/immeuble-grand.jpg&#8221; title_text=&#8221;large building&#8221; force_fullwidth=&#8221;on&#8221; _builder_version=&#8221;4.16&#8243; _module_preset=&#8221;default&#8221; scroll_fade_enable=&#8221;on&#8221; scroll_blur=&#8221;0|40|90|100|10px|0px|10px&#8221; scroll_fade_tablet=&#8221;0|50|50|100|100%|100|100&#8243; scroll_fade_phone=&#8221;&#8221; scroll_fade_last_edited=&#8221;on|phone&#8221; global_colors_info=&#8221;{}&#8221;][\/et_pb_image][\/et_pb_column][\/et_pb_row][et_pb_row _builder_version=&#8221;4.16&#8243; _module_preset=&#8221;default&#8221; global_colors_info=&#8221;{}&#8221;][et_pb_column type=&#8221;4_4&#8243; _builder_version=&#8221;4.16&#8243; _module_preset=&#8221;default&#8221; global_colors_info=&#8221;{}&#8221;][et_pb_text _builder_version=&#8221;4.16&#8243; _module_preset=&#8221;default&#8221; text_font=&#8221;|300|||||||&#8221; text_text_color=&#8221;#FFFFFF&#8221; text_font_size=&#8221;16px&#8221; text_orientation=&#8221;justified&#8221; custom_padding=&#8221;2px|||||&#8221; scroll_blur=&#8221;0|20|90|100|10px|0px|0px&#8221; scroll_blur_tablet=&#8221;0|20|90|100|0px|0px|0px&#8221; scroll_blur_phone=&#8221;&#8221; scroll_blur_last_edited=&#8221;on|phone&#8221; global_colors_info=&#8221;{}&#8221;]<\/p>\n<p>Our services are <span style=\"font-size: x-large;\"><b>always<\/b><\/span> specifically <span style=\"font-size: x-large;\"><b>tailored<\/b><\/span> to the needs of <span style=\"font-size: x-large;\"><b>each of our clients<\/b><\/span>.<\/p>\n<p><span style=\"font-size: x-large;\"><b>Experts<\/b><\/span> in how major groups manage their projects, they call on us to <span style=\"font-size: x-large;\"><b>support<\/b><\/span> them in the <span style=\"font-size: x-large;\"><b>long term<\/b><\/span> in managing their contracts and resolving their <span style=\"font-size: x-large;\"><b>disputes<\/b><\/span>, thus becoming part of their <span style=\"font-size: x-large;\"><b>memory<\/b><\/span>.<\/p>\n<p><span style=\"font-size: x-large;\"><b>The only French firm<\/b><\/span> in the field that has encountered most of the iterative issues related to Contract Management and catalogued them <span style=\"font-size: x-large;\"><b>encyclop<\/b><b>a<\/b><b>edically<\/b><\/span>.<\/p>\n<p><span style=\"font-size: x-large;\">H<sub>2<\/sub>O<span style=\"color: #000000;\">I<\/span>CONSULTANCY<\/span> does not provide legal advice. The studies conducted are used as a <span style=\"font-size: x-large;\"><b>basis<\/b><\/span> by <span style=\"font-size: x-large;\"><b>Legal Services<\/b><\/span> and <span style=\"font-size: x-large;\"><b>Law Firms<\/b><\/span> for the preparation of their cases.<\/p>\n<p>[\/et_pb_text][\/et_pb_column][\/et_pb_row][et_pb_row _builder_version=&#8221;4.16&#8243; _module_preset=&#8221;default&#8221; global_colors_info=&#8221;{}&#8221;][et_pb_column type=&#8221;4_4&#8243; _builder_version=&#8221;4.16&#8243; _module_preset=&#8221;default&#8221; global_colors_info=&#8221;{}&#8221;][et_pb_text _builder_version=&#8221;4.27.4&#8243; _module_preset=&#8221;default&#8221; text_text_color=&#8221;gcid-c34b9522-416b-484b-8ec1-bf59a46ac12d&#8221; header_font=&#8221;|||on|||||&#8221; header_text_color=&#8221;gcid-c34b9522-416b-484b-8ec1-bf59a46ac12d&#8221; header_font_size=&#8221;24px&#8221; custom_margin=&#8221;50px||||false|false&#8221; scroll_blur=&#8221;0|20|90|100|10px|0px|0px&#8221; hover_enabled=&#8221;0&#8243; scroll_blur_tablet=&#8221;0|20|90|100|0px|0px|0px&#8221; scroll_blur_phone=&#8221;&#8221; scroll_blur_last_edited=&#8221;on|phone&#8221; global_colors_info=&#8221;{%22gcid-cebd0d34-acb9-462f-b199-0331e91339b5%22:%91%93,%22gcid-c34b9522-416b-484b-8ec1-bf59a46ac12d%22:%91%22text_text_color%22,%22header_text_color%22%93}&#8221; sticky_enabled=&#8221;0&#8243;]<\/p>\n<h1>Developments<\/h1>\n<p>[\/et_pb_text][\/et_pb_column][\/et_pb_row][et_pb_row column_structure=&#8221;1_2,1_2&#8243; _builder_version=&#8221;4.24.0&#8243; _module_preset=&#8221;default&#8221; global_colors_info=&#8221;{}&#8221;][et_pb_column type=&#8221;1_2&#8243; _builder_version=&#8221;4.16&#8243; _module_preset=&#8221;default&#8221; global_colors_info=&#8221;{}&#8221;][et_pb_image src=&#8221;https:\/\/test.h2o-consultancy.com\/wp-content\/uploads\/2021\/02\/Horizon-mer.jpg&#8221; title_text=&#8221;Horizon-sea&#8221; force_fullwidth=&#8221;on&#8221; _builder_version=&#8221;4.16&#8243; _module_preset=&#8221;default&#8221; scroll_blur=&#8221;0|20|90|100|10px|0px|10px&#8221; scroll_fade_tablet=&#8221;0|50|50|100|100%|100|100&#8243; scroll_fade_phone=&#8221;&#8221; scroll_fade_last_edited=&#8221;on|phone&#8221; global_colors_info=&#8221;{}&#8221;][\/et_pb_image][\/et_pb_column][et_pb_column type=&#8221;1_2&#8243; _builder_version=&#8221;4.24.0&#8243; _module_preset=&#8221;default&#8221; custom_padding=&#8221;30vh||||false|false&#8221; custom_padding_tablet=&#8221;0vh||||false|false&#8221; custom_padding_phone=&#8221;0vh||||false|false&#8221; custom_padding_last_edited=&#8221;on|desktop&#8221; global_colors_info=&#8221;{}&#8221;][et_pb_text _builder_version=&#8221;4.24.0&#8243; _module_preset=&#8221;default&#8221; text_font=&#8221;|300|||||||&#8221; text_text_color=&#8221;#FFFFFF&#8221; text_font_size=&#8221;16px&#8221; text_orientation=&#8221;justified&#8221; custom_padding=&#8221;11px||||false|false&#8221; scroll_vertical_motion=&#8221;0|50|50|100|4|0|0&#8243; scroll_blur=&#8221;0|20|90|100|10px|0px|0px&#8221; scroll_blur_tablet=&#8221;0|20|90|100|0px|0px|0px&#8221; scroll_blur_phone=&#8221;&#8221; scroll_blur_last_edited=&#8221;on|phone&#8221; global_colors_info=&#8221;{}&#8221;]<\/p>\n<p>As H<sub>2<\/sub>O<span style=\"color: #000000;\">I<\/span>CONSULTANCY <span style=\"font-size: x-large;\"><strong>expanded<\/strong><\/span>, it developed <span style=\"font-size: x-large;\"><strong>new services<\/strong><\/span> in addition to contract management consulting:<\/p>\n<p>[\/et_pb_text][\/et_pb_column][\/et_pb_row][et_pb_row _builder_version=&#8221;4.16&#8243; _module_preset=&#8221;default&#8221; global_colors_info=&#8221;{}&#8221;][et_pb_column type=&#8221;4_4&#8243; _builder_version=&#8221;4.16&#8243; _module_preset=&#8221;default&#8221; global_colors_info=&#8221;{}&#8221;][et_pb_text _builder_version=&#8221;4.16&#8243; _module_preset=&#8221;default&#8221; text_font=&#8221;|300|||||||&#8221; text_text_color=&#8221;#FFFFFF&#8221; text_font_size=&#8221;16px&#8221; text_orientation=&#8221;justified&#8221; custom_padding=&#8221;0px|||||&#8221; scroll_blur=&#8221;0|20|90|100|10px|0px|0px&#8221; scroll_blur_tablet=&#8221;0|20|90|100|0px|0px|0px&#8221; scroll_blur_phone=&#8221;&#8221; scroll_blur_last_edited=&#8221;on|phone&#8221; global_colors_info=&#8221;{}&#8221;]<\/p>\n<ul>\n<li><\/li>\n<li><span style=\"font-size: x-large;\">H<sub>2<\/sub><\/span><span style=\"font-size: 16px;\"><span style=\"font-size: x-large;\">O<span style=\"color: #000000;\">I<\/span>CONSULTANCY <\/span><\/span><zz style=\"font-size: 22px;\"><nobr><\/nobr><span style=\"color: #f29312;\"><span style=\"font-size: x-large;\">TRAINING<\/span><\/span><\/zz> in 2010. At the time, Contract Management was still an almost exclusively Anglo-Saxon discipline. This department has since trained most of our clients&#8217; employees in charge of Contract Management.\u00a0<\/li>\n<\/ul>\n<ul>\n<li><\/li>\n<li><span style=\"font-size: x-large;\">H<sub>2<\/sub><\/span><span style=\"font-size: 16px;\"><span style=\"font-size: x-large;\">O<span style=\"color: #000000;\">I<\/span>CONSULTANCY<\/span><\/span><zz style=\"font-size: 22px;\"><nobr> <\/nobr><span style=\"color: #f29312;\"><span style=\"font-size: x-large;\">COMMUNICATION<\/span><\/span><\/zz> in 2010. Whether it is the presentation of our recommendations or the design of our training courses, we deemed it essential to equip ourselves with communication expertise to make them clear, easy to memorise, and attractive.\u00a0<\/li>\n<\/ul>\n<ul>\n<li><\/li>\n<li><span style=\"font-size: x-large;\">H<sub>2<\/sub><\/span><span style=\"font-size: 16px;\"><span style=\"font-size: x-large;\">O<span style=\"color: #000000;\">I<\/span>CONSULTANCY<\/span><\/span><zz style=\"font-size: 22px;\"><nobr> <\/nobr><span style=\"color: #1728f3;\"><span style=\"color: #f29312; font-size: x-large;\">QATAR<\/span><\/span><\/zz> In 2024. To facilitate closer ties with some of our clients and provide on-site availability of our consultants, <span style=\"font-size: x-large;\">H<sub>2<\/sub><\/span><span style=\"font-size: 16px;\"><span style=\"font-size: x-large;\">O<span style=\"color: #000000;\">I<\/span>CONSULTANCY<\/span><span style=\"font-size: x-small;\">LLC<\/span> offers the same services from Doha as in Europe.<\/span>\n<p>&nbsp;<\/p>\n<\/li>\n<\/ul>\n<p>[\/et_pb_text][\/et_pb_column][\/et_pb_row][et_pb_row _builder_version=&#8221;4.16&#8243; _module_preset=&#8221;default&#8221; global_colors_info=&#8221;{}&#8221;][et_pb_column type=&#8221;4_4&#8243; _builder_version=&#8221;4.16&#8243; _module_preset=&#8221;default&#8221; global_colors_info=&#8221;{}&#8221;][et_pb_text _builder_version=&#8221;4.16&#8243; _module_preset=&#8221;default&#8221; header_font=&#8221;|||on|||||&#8221; header_text_color=&#8221;gcid-c34b9522-416b-484b-8ec1-bf59a46ac12d&#8221; header_font_size=&#8221;24px&#8221; custom_margin=&#8221;50px||||false|false&#8221; scroll_blur=&#8221;0|20|90|100|10px|0px|0px&#8221; scroll_blur_tablet=&#8221;0|20|90|100|0px|0px|0px&#8221; scroll_blur_phone=&#8221;&#8221; scroll_blur_last_edited=&#8221;on|phone&#8221; global_colors_info=&#8221;{%22gcid-cebd0d34-acb9-462f-b199-0331e91339b5%22:%91%93,%22gcid-c34b9522-416b-484b-8ec1-bf59a46ac12d%22:%91%22header_text_color%22%93}&#8221;]<\/p>\n<h1>Partnerships<\/h1>\n<p>[\/et_pb_text][\/et_pb_column][\/et_pb_row][\/et_pb_section][et_pb_section fb_built=&#8221;1&#8243; specialty=&#8221;on&#8221; disabled_on=&#8221;on|on|on&#8221; _builder_version=&#8221;4.16&#8243; _module_preset=&#8221;default&#8221; background_color=&#8221;#000000&#8243; custom_margin=&#8221;-2px|||||&#8221; custom_padding=&#8221;0px||0px|||&#8221; disabled=&#8221;on&#8221; global_colors_info=&#8221;{}&#8221;][et_pb_column type=&#8221;2_3&#8243; specialty_columns=&#8221;2&#8243; _builder_version=&#8221;4.16&#8243; custom_padding=&#8221;|||&#8221; global_colors_info=&#8221;{}&#8221; custom_padding__hover=&#8221;|||&#8221;][et_pb_row_inner _builder_version=&#8221;4.16&#8243; _module_preset=&#8221;default&#8221; custom_padding=&#8221;5px||7px|||&#8221; global_colors_info=&#8221;{}&#8221;][et_pb_column_inner saved_specialty_column_type=&#8221;2_3&#8243; _builder_version=&#8221;4.16&#8243; _module_preset=&#8221;default&#8221; global_colors_info=&#8221;{}&#8221;][et_pb_image src=&#8221;https:\/\/test.h2o-consultancy.com\/wp-content\/uploads\/2021\/02\/HKA.png&#8221; title_text=&#8221;HKA&#8221; _builder_version=&#8221;4.16&#8243; _module_preset=&#8221;default&#8221; width=&#8221;20%&#8221; scroll_blur=&#8221;0|20|90|100|10px|0px|10px&#8221; scroll_fade_tablet=&#8221;0|50|50|100|100%|100|100&#8243; scroll_fade_phone=&#8221;&#8221; scroll_fade_last_edited=&#8221;on|phone&#8221; global_colors_info=&#8221;{}&#8221;][\/et_pb_image][\/et_pb_column_inner][\/et_pb_row_inner][et_pb_row_inner _builder_version=&#8221;4.16&#8243; _module_preset=&#8221;default&#8221; global_colors_info=&#8221;{}&#8221;][et_pb_column_inner saved_specialty_column_type=&#8221;2_3&#8243; _builder_version=&#8221;4.16&#8243; _module_preset=&#8221;default&#8221; global_colors_info=&#8221;{}&#8221;][et_pb_text _builder_version=&#8221;4.16&#8243; _module_preset=&#8221;default&#8221; text_text_color=&#8221;#FFFFFF&#8221; text_font_size=&#8221;16px&#8221; link_text_color=&#8221;#3a96a2&#8243; link_font_size=&#8221;16px&#8221; text_orientation=&#8221;justified&#8221; scroll_blur=&#8221;0|20|90|100|10px|0px|0px&#8221; scroll_blur_tablet=&#8221;0|20|90|100|0px|0px|0px&#8221; scroll_blur_phone=&#8221;&#8221; scroll_blur_last_edited=&#8221;on|phone&#8221; global_colors_info=&#8221;{}&#8221;]<\/p>\n<p>Les consultants de <span style=\"font-size: 22px;\">HKA<\/span> et de\u00a0<span style=\"font-size: 22px;\">H<sub style=\"font-size: 12px;\">2<\/sub>O CONSULTANCY<\/span> collaborent depuis le milieu des ann\u00e9es <b style=\"font-size: 22px;\">1990<\/b>. Cette <b style=\"font-size: 22px;\">contribution <\/b>compl\u00e8te le champ d\u2019action de <span style=\"font-size: 22px;\">H<sub style=\"font-size: 12px;\">2<\/sub>O CONSULTANCY<\/span> et de <span style=\"font-size: 22px;\">HKA<\/span> sur les march\u00e9s francophones avec des \u00e9quipes <b style=\"font-size: 22px;\">exp\u00e9riment\u00e9es<\/b> plus importantes, d\u00e9di\u00e9es \u00e0 nos clients du monde entier. Notre collaboration permet \u00e0 <span style=\"font-size: 22px;\">HKA<\/span> comme \u00e0\u00a0<span style=\"font-size: 22px;\">H<sub style=\"font-size: 12px;\">2<\/sub>O CONSULTANCY<\/span> de proposer une offre de services <b style=\"font-size: 22px;\">compl\u00e9mentaire<\/b> et <b style=\"font-size: 22px;\">renforc\u00e9e<\/b>. <span style=\"font-size: 22px;\">HKA<\/span> est l\u2019un des <b style=\"font-size: 22px;\">leaders mondiaux<\/b>, priv\u00e9 et ind\u00e9pendant, du conseil, de l\u2019expertise et de l\u2019accompagnement, dans les domaines de la construction, de l\u2019industrie, des proc\u00e9d\u00e9s de transformation et de la technologie. <span style=\"font-size: 22px;\">HKA<\/span> b\u00e9n\u00e9ficie d\u2019une <b style=\"font-size: 22px;\">exp\u00e9rience incontestable<\/b> en conseil sur l\u2019impact \u00e9conomique des <b style=\"font-size: 22px;\">litiges<\/b>, concernant les <b style=\"font-size: 22px;\">accords commerciaux<\/b>, les <b style=\"font-size: 22px;\">trait\u00e9s d\u2019investissement<\/b> et les questions de <b style=\"font-size: 22px;\">juricomptabilit\u00e9<\/b>. <a href=\"https:\/\/www.hka.com\/\" target=\"_blank\" rel=\"noopener\">www.hka.com<\/a><\/p>\n<p>[\/et_pb_text][\/et_pb_column_inner][\/et_pb_row_inner][\/et_pb_column][et_pb_column type=&#8221;1_3&#8243; _builder_version=&#8221;4.16&#8243; custom_padding=&#8221;|||&#8221; global_colors_info=&#8221;{}&#8221; custom_padding__hover=&#8221;|||&#8221;][et_pb_text _builder_version=&#8221;4.16&#8243; _module_preset=&#8221;default&#8221; text_font=&#8221;|||on|||||&#8221; text_text_color=&#8221;gcid-c34b9522-416b-484b-8ec1-bf59a46ac12d&#8221; text_font_size=&#8221;16px&#8221; text_orientation=&#8221;center&#8221; custom_margin=&#8221;30px||0px||false|false&#8221; scroll_blur=&#8221;0|20|90|100|10px|0px|0px&#8221; scroll_blur_tablet=&#8221;0|20|90|100|0px|0px|0px&#8221; scroll_blur_phone=&#8221;&#8221; scroll_blur_last_edited=&#8221;on|phone&#8221; global_colors_info=&#8221;{%22gcid-c34b9522-416b-484b-8ec1-bf59a46ac12d%22:%91%22text_text_color%22%93}&#8221;]<\/p>\n<p>T\u00e9l\u00e9charger la brochure<\/p>\n<p>[\/et_pb_text][et_pb_image src=&#8221;https:\/\/test.h2o-consultancy.com\/wp-content\/uploads\/2021\/02\/H2O-CONSULTANCY-HKA-page-1.jpg&#8221; title_text=&#8221;H2O CONSULTANCY &#038; HKA page 1&#8243; url=&#8221;https:\/\/h2o-consultancy.com\/download\/276\/&#8221; use_overlay=&#8221;on&#8221; overlay_icon_color=&#8221;#E09900&#8243; hover_overlay_color=&#8221;RGBA(0,0,0,0.5)&#8221; hover_icon=&#8221;&#xe004;||divi||400&#8243; align=&#8221;center&#8221; _builder_version=&#8221;4.16&#8243; _module_preset=&#8221;default&#8221; max_height=&#8221;350px&#8221; max_height_last_edited=&#8221;off|phone&#8221; scroll_blur=&#8221;0|40|90|100|10px|0px|10px&#8221; scroll_fade_tablet=&#8221;0|50|50|100|100%|100|100&#8243; scroll_fade_phone=&#8221;&#8221; scroll_fade_last_edited=&#8221;on|phone&#8221; box_shadow_style=&#8221;preset2&#8243; box_shadow_spread=&#8221;-5px&#8221; box_shadow_color=&#8221;#FFFFFF&#8221; global_colors_info=&#8221;{%22gcid-cebd0d34-acb9-462f-b199-0331e91339b5%22:%91%93}&#8221; max_width__hover_enabled=&#8221;off|desktop&#8221; transform_styles__hover_enabled=&#8221;on|hover&#8221; transform_scale__hover_enabled=&#8221;on|hover&#8221; transform_translate__hover_enabled=&#8221;on|desktop&#8221; transform_rotate__hover_enabled=&#8221;on|desktop&#8221; transform_skew__hover_enabled=&#8221;on|desktop&#8221; transform_origin__hover_enabled=&#8221;on|desktop&#8221; transform_scale__hover=&#8221;120%|120%&#8221;][\/et_pb_image][\/et_pb_column][\/et_pb_section][et_pb_section fb_built=&#8221;1&#8243; _builder_version=&#8221;4.16&#8243; _module_preset=&#8221;default&#8221; background_color=&#8221;#000000&#8243; custom_padding=&#8221;4px|||||&#8221; global_colors_info=&#8221;{}&#8221;][et_pb_row _builder_version=&#8221;4.16&#8243; _module_preset=&#8221;default&#8221; global_colors_info=&#8221;{}&#8221;][et_pb_column type=&#8221;4_4&#8243; _builder_version=&#8221;4.16&#8243; _module_preset=&#8221;default&#8221; global_colors_info=&#8221;{}&#8221;][et_pb_text _builder_version=&#8221;4.27.4&#8243; _module_preset=&#8221;default&#8221; text_font=&#8221;|300|||||||&#8221; text_text_color=&#8221;#FFFFFF&#8221; text_font_size=&#8221;28px&#8221; text_orientation=&#8221;justified&#8221; custom_padding=&#8221;10px|||||&#8221; scroll_blur=&#8221;0|20|90|100|10px|0px|0px&#8221; scroll_blur_tablet=&#8221;0|20|90|100|0px|0px|0px&#8221; scroll_blur_phone=&#8221;&#8221; scroll_blur_last_edited=&#8221;on|phone&#8221; global_colors_info=&#8221;{}&#8221;]<\/p>\n<p><span style=\"font-size: medium;\">When <span style=\"font-size: x-large;\"><strong>necessary<\/strong><\/span> and depending on the specific nature of certain cases, <span style=\"font-size: x-large;\">H<sub>2<\/sub>O<span style=\"color: #000000;\">I<\/span>CONSULTANCY<\/span>\u00a0has always surrounded itself with the <span style=\"font-size: x-large;\"><strong>best specialists<\/strong><\/span> in their fields, including <span style=\"font-size: x-large;\"><strong>specialised law firms<\/strong><\/span>, <span style=\"font-size: x-large;\"><strong>multimedia communication<\/strong><\/span> agencies, and <span style=\"font-size: x-large;\"><strong>digital solution<\/strong><\/span> developers.<\/span><\/p>\n<p>[\/et_pb_text][\/et_pb_column][\/et_pb_row][\/et_pb_section]<\/p>\n","protected":false},"excerpt":{"rendered":"<p>An enlightened vision of Contract ManagementA pioneer in France in Contract Management, H2OICONSULTANCY is a consulting firm specialising in contract management and claims. For three decades, our Experts have developed unique expertise serving major international groups, operating worldwide. Recognised in both public and private sectors, H2OICONSULTANCY offers a complete range of services in contract management. [&hellip;]<\/p>\n","protected":false},"author":1,"featured_media":0,"parent":0,"menu_order":0,"comment_status":"closed","ping_status":"closed","template":"","meta":{"_et_pb_use_builder":"on","_et_pb_old_content":"","_et_gb_content_width":"","inline_featured_image":false,"footnotes":""},"class_list":["post-1562","page","type-page","status-publish","hentry"],"_links":{"self":[{"href":"https:\/\/h2o-consultancy.com\/en\/wp-json\/wp\/v2\/pages\/1562","targetHints":{"allow":["GET"]}}],"collection":[{"href":"https:\/\/h2o-consultancy.com\/en\/wp-json\/wp\/v2\/pages"}],"about":[{"href":"https:\/\/h2o-consultancy.com\/en\/wp-json\/wp\/v2\/types\/page"}],"author":[{"embeddable":true,"href":"https:\/\/h2o-consultancy.com\/en\/wp-json\/wp\/v2\/users\/1"}],"replies":[{"embeddable":true,"href":"https:\/\/h2o-consultancy.com\/en\/wp-json\/wp\/v2\/comments?post=1562"}],"version-history":[{"count":26,"href":"https:\/\/h2o-consultancy.com\/en\/wp-json\/wp\/v2\/pages\/1562\/revisions"}],"predecessor-version":[{"id":1975,"href":"https:\/\/h2o-consultancy.com\/en\/wp-json\/wp\/v2\/pages\/1562\/revisions\/1975"}],"wp:attachment":[{"href":"https:\/\/h2o-consultancy.com\/en\/wp-json\/wp\/v2\/media?parent=1562"}],"curies":[{"name":"wp","href":"https:\/\/api.w.org\/{rel}","templated":true}]}}